{"id":14,"date":"2014-02-11T10:58:46","date_gmt":"2014-02-11T10:58:46","guid":{"rendered":"http:\/\/hotelchurrut.com\/?page_id=14"},"modified":"2014-05-19T14:47:56","modified_gmt":"2014-05-19T14:47:56","slug":"hotel","status":"publish","type":"page","link":"https:\/\/hotelchurrut.com\/?page_id=14","title":{"rendered":"Hotel"},"content":{"rendered":"<p><\/p>\n<blockquote>\n<p style=\"font-size: 17px; font: raleway; color: #255410;\">Enclavado en el casco hist\u00f3rico de Bera, pueblo situado en el valle formado por el r\u00edo Bidasoa, se ubica un <span style=\"font-weight: 500;\">edificio del siglo XVIII<\/span>.<\/p>\n<\/blockquote>\n<p>En 2002 se rehabilit\u00f3, convirti\u00e9ndolo en un peque\u00f1o hotel de 18 habitaciones, todas ellas con su car\u00e1cter de hogar pero con comodidades actuales y una decoraci\u00f3n muy cuidada rodeada de historia, solera y buen hacer.<\/p>\n<p>\n\t\t<style type=\"text\/css\">\n\t\t\t#gallery-1 {\n\t\t\t\tmargin: auto;\n\t\t\t}\n\t\t\t#gallery-1 .gallery-item {\n\t\t\t\tfloat: left;\n\t\t\t\tmargin-top: 10px;\n\t\t\t\ttext-align: center;\n\t\t\t\twidth: 25%;\n\t\t\t}\n\t\t\t#gallery-1 img {\n\t\t\t\tborder: 2px solid #cfcfcf;\n\t\t\t}\n\t\t\t#gallery-1 .gallery-caption {\n\t\t\t\tmargin-left: 0;\n\t\t\t}\n\t\t\t\/* see gallery_shortcode() in wp-includes\/media.php *\/\n\t\t<\/style>\n\t\t<div id='gallery-1' class='gallery galleryid-14 gallery-columns-4 gallery-size-thumbnail'><dl class='gallery-item'>\n\t\t\t<dt class='gallery-icon landscape'>\n\t\t\t\t<a href='https:\/\/hotelchurrut.com\/wp-content\/uploads\/2014\/02\/800x600-1.png'><img decoding=\"async\" width=\"150\" height=\"150\" src=\"https:\/\/hotelchurrut.com\/wp-content\/uploads\/2014\/02\/800x600-1-150x150.png\" class=\"attachment-thumbnail size-thumbnail\" alt=\"\" srcset=\"https:\/\/hotelchurrut.com\/wp-content\/uploads\/2014\/02\/800x600-1-150x150.png 150w, https:\/\/hotelchurrut.com\/wp-content\/uploads\/2014\/02\/800x600-1-240x240.png 240w, https:\/\/hotelchurrut.com\/wp-content\/uploads\/2014\/02\/800x600-1-96x96.png 96w, https:\/\/hotelchurrut.com\/wp-content\/uploads\/2014\/02\/800x600-1-121x121.png 121w, https:\/\/hotelchurrut.com\/wp-content\/uploads\/2014\/02\/800x600-1-60x60.png 60w, https:\/\/hotelchurrut.com\/wp-content\/uploads\/2014\/02\/800x600-1-184x184.png 184w\" sizes=\"(max-width: 150px) 100vw, 150px\" \/><\/a>\n\t\t\t<\/dt><\/dl><dl class='gallery-item'>\n\t\t\t<dt class='gallery-icon landscape'>\n\t\t\t\t<a href='https:\/\/hotelchurrut.com\/wp-content\/uploads\/2014\/02\/800x600-2.png'><img decoding=\"async\" width=\"150\" height=\"150\" src=\"https:\/\/hotelchurrut.com\/wp-content\/uploads\/2014\/02\/800x600-2-150x150.png\" class=\"attachment-thumbnail size-thumbnail\" alt=\"\" srcset=\"https:\/\/hotelchurrut.com\/wp-content\/uploads\/2014\/02\/800x600-2-150x150.png 150w, https:\/\/hotelchurrut.com\/wp-content\/uploads\/2014\/02\/800x600-2-240x240.png 240w, https:\/\/hotelchurrut.com\/wp-content\/uploads\/2014\/02\/800x600-2-96x96.png 96w, https:\/\/hotelchurrut.com\/wp-content\/uploads\/2014\/02\/800x600-2-121x121.png 121w, https:\/\/hotelchurrut.com\/wp-content\/uploads\/2014\/02\/800x600-2-60x60.png 60w, https:\/\/hotelchurrut.com\/wp-content\/uploads\/2014\/02\/800x600-2-184x184.png 184w\" sizes=\"(max-width: 150px) 100vw, 150px\" \/><\/a>\n\t\t\t<\/dt><\/dl><dl class='gallery-item'>\n\t\t\t<dt class='gallery-icon landscape'>\n\t\t\t\t<a href='https:\/\/hotelchurrut.com\/wp-content\/uploads\/2014\/02\/800x600-3.png'><img decoding=\"async\" width=\"150\" height=\"150\" src=\"https:\/\/hotelchurrut.com\/wp-content\/uploads\/2014\/02\/800x600-3-150x150.png\" class=\"attachment-thumbnail size-thumbnail\" alt=\"\" srcset=\"https:\/\/hotelchurrut.com\/wp-content\/uploads\/2014\/02\/800x600-3-150x150.png 150w, https:\/\/hotelchurrut.com\/wp-content\/uploads\/2014\/02\/800x600-3-240x240.png 240w, https:\/\/hotelchurrut.com\/wp-content\/uploads\/2014\/02\/800x600-3-96x96.png 96w, https:\/\/hotelchurrut.com\/wp-content\/uploads\/2014\/02\/800x600-3-121x121.png 121w, https:\/\/hotelchurrut.com\/wp-content\/uploads\/2014\/02\/800x600-3-60x60.png 60w, https:\/\/hotelchurrut.com\/wp-content\/uploads\/2014\/02\/800x600-3-184x184.png 184w\" sizes=\"(max-width: 150px) 100vw, 150px\" \/><\/a>\n\t\t\t<\/dt><\/dl><dl class='gallery-item'>\n\t\t\t<dt class='gallery-icon landscape'>\n\t\t\t\t<a href='https:\/\/hotelchurrut.com\/wp-content\/uploads\/2014\/02\/800x600-4.png'><img loading=\"lazy\" decoding=\"async\" width=\"150\" height=\"150\" src=\"https:\/\/hotelchurrut.com\/wp-content\/uploads\/2014\/02\/800x600-4-150x150.png\" class=\"attachment-thumbnail size-thumbnail\" alt=\"\" srcset=\"https:\/\/hotelchurrut.com\/wp-content\/uploads\/2014\/02\/800x600-4-150x150.png 150w, https:\/\/hotelchurrut.com\/wp-content\/uploads\/2014\/02\/800x600-4-240x240.png 240w, https:\/\/hotelchurrut.com\/wp-content\/uploads\/2014\/02\/800x600-4-96x96.png 96w, https:\/\/hotelchurrut.com\/wp-content\/uploads\/2014\/02\/800x600-4-121x121.png 121w, https:\/\/hotelchurrut.com\/wp-content\/uploads\/2014\/02\/800x600-4-60x60.png 60w, https:\/\/hotelchurrut.com\/wp-content\/uploads\/2014\/02\/800x600-4-184x184.png 184w\" sizes=\"(max-width: 150px) 100vw, 150px\" \/><\/a>\n\t\t\t<\/dt><\/dl><br style=\"clear: both\" \/><dl class='gallery-item'>\n\t\t\t<dt class='gallery-icon landscape'>\n\t\t\t\t<a href='https:\/\/hotelchurrut.com\/wp-content\/uploads\/2014\/02\/800x600-5.png'><img loading=\"lazy\" decoding=\"async\" width=\"150\" height=\"150\" src=\"https:\/\/hotelchurrut.com\/wp-content\/uploads\/2014\/02\/800x600-5-150x150.png\" class=\"attachment-thumbnail size-thumbnail\" alt=\"\" srcset=\"https:\/\/hotelchurrut.com\/wp-content\/uploads\/2014\/02\/800x600-5-150x150.png 150w, https:\/\/hotelchurrut.com\/wp-content\/uploads\/2014\/02\/800x600-5-240x240.png 240w, https:\/\/hotelchurrut.com\/wp-content\/uploads\/2014\/02\/800x600-5-96x96.png 96w, https:\/\/hotelchurrut.com\/wp-content\/uploads\/2014\/02\/800x600-5-121x121.png 121w, https:\/\/hotelchurrut.com\/wp-content\/uploads\/2014\/02\/800x600-5-60x60.png 60w, https:\/\/hotelchurrut.com\/wp-content\/uploads\/2014\/02\/800x600-5-184x184.png 184w\" sizes=\"(max-width: 150px) 100vw, 150px\" \/><\/a>\n\t\t\t<\/dt><\/dl><dl class='gallery-item'>\n\t\t\t<dt class='gallery-icon landscape'>\n\t\t\t\t<a href='https:\/\/hotelchurrut.com\/wp-content\/uploads\/2014\/02\/800x600-6.png'><img loading=\"lazy\" decoding=\"async\" width=\"150\" height=\"150\" src=\"https:\/\/hotelchurrut.com\/wp-content\/uploads\/2014\/02\/800x600-6-150x150.png\" class=\"attachment-thumbnail size-thumbnail\" alt=\"\" srcset=\"https:\/\/hotelchurrut.com\/wp-content\/uploads\/2014\/02\/800x600-6-150x150.png 150w, https:\/\/hotelchurrut.com\/wp-content\/uploads\/2014\/02\/800x600-6-240x240.png 240w, https:\/\/hotelchurrut.com\/wp-content\/uploads\/2014\/02\/800x600-6-96x96.png 96w, https:\/\/hotelchurrut.com\/wp-content\/uploads\/2014\/02\/800x600-6-121x121.png 121w, https:\/\/hotelchurrut.com\/wp-content\/uploads\/2014\/02\/800x600-6-60x60.png 60w, https:\/\/hotelchurrut.com\/wp-content\/uploads\/2014\/02\/800x600-6-184x184.png 184w\" sizes=\"(max-width: 150px) 100vw, 150px\" \/><\/a>\n\t\t\t<\/dt><\/dl><dl class='gallery-item'>\n\t\t\t<dt class='gallery-icon landscape'>\n\t\t\t\t<a href='https:\/\/hotelchurrut.com\/wp-content\/uploads\/2014\/02\/800x600-7.png'><img loading=\"lazy\" decoding=\"async\" width=\"150\" height=\"150\" src=\"https:\/\/hotelchurrut.com\/wp-content\/uploads\/2014\/02\/800x600-7-150x150.png\" class=\"attachment-thumbnail size-thumbnail\" alt=\"\" srcset=\"https:\/\/hotelchurrut.com\/wp-content\/uploads\/2014\/02\/800x600-7-150x150.png 150w, https:\/\/hotelchurrut.com\/wp-content\/uploads\/2014\/02\/800x600-7-240x240.png 240w, https:\/\/hotelchurrut.com\/wp-content\/uploads\/2014\/02\/800x600-7-96x96.png 96w, https:\/\/hotelchurrut.com\/wp-content\/uploads\/2014\/02\/800x600-7-121x121.png 121w, https:\/\/hotelchurrut.com\/wp-content\/uploads\/2014\/02\/800x600-7-60x60.png 60w, https:\/\/hotelchurrut.com\/wp-content\/uploads\/2014\/02\/800x600-7-184x184.png 184w\" sizes=\"(max-width: 150px) 100vw, 150px\" \/><\/a>\n\t\t\t<\/dt><\/dl><dl class='gallery-item'>\n\t\t\t<dt class='gallery-icon landscape'>\n\t\t\t\t<a href='https:\/\/hotelchurrut.com\/wp-content\/uploads\/2014\/02\/800x600-8.png'><img loading=\"lazy\" decoding=\"async\" width=\"150\" height=\"150\" src=\"https:\/\/hotelchurrut.com\/wp-content\/uploads\/2014\/02\/800x600-8-150x150.png\" class=\"attachment-thumbnail size-thumbnail\" alt=\"\" srcset=\"https:\/\/hotelchurrut.com\/wp-content\/uploads\/2014\/02\/800x600-8-150x150.png 150w, https:\/\/hotelchurrut.com\/wp-content\/uploads\/2014\/02\/800x600-8-240x240.png 240w, https:\/\/hotelchurrut.com\/wp-content\/uploads\/2014\/02\/800x600-8-96x96.png 96w, https:\/\/hotelchurrut.com\/wp-content\/uploads\/2014\/02\/800x600-8-121x121.png 121w, https:\/\/hotelchurrut.com\/wp-content\/uploads\/2014\/02\/800x600-8-60x60.png 60w, https:\/\/hotelchurrut.com\/wp-content\/uploads\/2014\/02\/800x600-8-184x184.png 184w\" sizes=\"(max-width: 150px) 100vw, 150px\" \/><\/a>\n\t\t\t<\/dt><\/dl><br style=\"clear: both\" \/><dl class='gallery-item'>\n\t\t\t<dt class='gallery-icon landscape'>\n\t\t\t\t<a href='https:\/\/hotelchurrut.com\/wp-content\/uploads\/2014\/02\/800x600-9.png'><img loading=\"lazy\" decoding=\"async\" width=\"150\" height=\"150\" src=\"https:\/\/hotelchurrut.com\/wp-content\/uploads\/2014\/02\/800x600-9-150x150.png\" class=\"attachment-thumbnail size-thumbnail\" alt=\"\" srcset=\"https:\/\/hotelchurrut.com\/wp-content\/uploads\/2014\/02\/800x600-9-150x150.png 150w, https:\/\/hotelchurrut.com\/wp-content\/uploads\/2014\/02\/800x600-9-240x240.png 240w, https:\/\/hotelchurrut.com\/wp-content\/uploads\/2014\/02\/800x600-9-96x96.png 96w, https:\/\/hotelchurrut.com\/wp-content\/uploads\/2014\/02\/800x600-9-121x121.png 121w, https:\/\/hotelchurrut.com\/wp-content\/uploads\/2014\/02\/800x600-9-60x60.png 60w, https:\/\/hotelchurrut.com\/wp-content\/uploads\/2014\/02\/800x600-9-184x184.png 184w\" sizes=\"(max-width: 150px) 100vw, 150px\" \/><\/a>\n\t\t\t<\/dt><\/dl><dl class='gallery-item'>\n\t\t\t<dt class='gallery-icon landscape'>\n\t\t\t\t<a href='https:\/\/hotelchurrut.com\/wp-content\/uploads\/2014\/02\/800x600-10.png'><img loading=\"lazy\" decoding=\"async\" width=\"150\" height=\"150\" src=\"https:\/\/hotelchurrut.com\/wp-content\/uploads\/2014\/02\/800x600-10-150x150.png\" class=\"attachment-thumbnail size-thumbnail\" alt=\"\" srcset=\"https:\/\/hotelchurrut.com\/wp-content\/uploads\/2014\/02\/800x600-10-150x150.png 150w, https:\/\/hotelchurrut.com\/wp-content\/uploads\/2014\/02\/800x600-10-240x240.png 240w, https:\/\/hotelchurrut.com\/wp-content\/uploads\/2014\/02\/800x600-10-96x96.png 96w, https:\/\/hotelchurrut.com\/wp-content\/uploads\/2014\/02\/800x600-10-121x121.png 121w, https:\/\/hotelchurrut.com\/wp-content\/uploads\/2014\/02\/800x600-10-60x60.png 60w, https:\/\/hotelchurrut.com\/wp-content\/uploads\/2014\/02\/800x600-10-184x184.png 184w\" sizes=\"(max-width: 150px) 100vw, 150px\" \/><\/a>\n\t\t\t<\/dt><\/dl><dl class='gallery-item'>\n\t\t\t<dt class='gallery-icon landscape'>\n\t\t\t\t<a href='https:\/\/hotelchurrut.com\/wp-content\/uploads\/2014\/02\/800x600-11.png'><img loading=\"lazy\" decoding=\"async\" width=\"150\" height=\"150\" src=\"https:\/\/hotelchurrut.com\/wp-content\/uploads\/2014\/02\/800x600-11-150x150.png\" class=\"attachment-thumbnail size-thumbnail\" alt=\"\" srcset=\"https:\/\/hotelchurrut.com\/wp-content\/uploads\/2014\/02\/800x600-11-150x150.png 150w, https:\/\/hotelchurrut.com\/wp-content\/uploads\/2014\/02\/800x600-11-240x240.png 240w, https:\/\/hotelchurrut.com\/wp-content\/uploads\/2014\/02\/800x600-11-96x96.png 96w, https:\/\/hotelchurrut.com\/wp-content\/uploads\/2014\/02\/800x600-11-121x121.png 121w, https:\/\/hotelchurrut.com\/wp-content\/uploads\/2014\/02\/800x600-11-60x60.png 60w, https:\/\/hotelchurrut.com\/wp-content\/uploads\/2014\/02\/800x600-11-184x184.png 184w\" sizes=\"(max-width: 150px) 100vw, 150px\" \/><\/a>\n\t\t\t<\/dt><\/dl><dl class='gallery-item'>\n\t\t\t<dt class='gallery-icon landscape'>\n\t\t\t\t<a href='https:\/\/hotelchurrut.com\/wp-content\/uploads\/2014\/02\/800x600-12.png'><img loading=\"lazy\" decoding=\"async\" width=\"150\" height=\"150\" src=\"https:\/\/hotelchurrut.com\/wp-content\/uploads\/2014\/02\/800x600-12-150x150.png\" class=\"attachment-thumbnail size-thumbnail\" alt=\"\" srcset=\"https:\/\/hotelchurrut.com\/wp-content\/uploads\/2014\/02\/800x600-12-150x150.png 150w, https:\/\/hotelchurrut.com\/wp-content\/uploads\/2014\/02\/800x600-12-240x240.png 240w, https:\/\/hotelchurrut.com\/wp-content\/uploads\/2014\/02\/800x600-12-96x96.png 96w, https:\/\/hotelchurrut.com\/wp-content\/uploads\/2014\/02\/800x600-12-121x121.png 121w, https:\/\/hotelchurrut.com\/wp-content\/uploads\/2014\/02\/800x600-12-60x60.png 60w, https:\/\/hotelchurrut.com\/wp-content\/uploads\/2014\/02\/800x600-12-184x184.png 184w\" sizes=\"(max-width: 150px) 100vw, 150px\" \/><\/a>\n\t\t\t<\/dt><\/dl><br style=\"clear: both\" \/>\n\t\t<\/div>\n<\/p>","protected":false},"excerpt":{"rendered":"<p>Enclavado en el casco hist\u00f3rico de Bera, pueblo situado en el valle formado por el r\u00edo Bidasoa, se ubica un edificio del siglo XVIII. En 2002 se rehabilit\u00f3, convirti\u00e9ndolo en un peque\u00f1o hotel de 18 habitaciones, todas ellas con su car\u00e1cter de hogar pero con comodidades actuales y una decoraci\u00f3n muy cuidada rodeada de historia, [&hellip;]<\/p>\n","protected":false},"author":1,"featured_media":0,"parent":0,"menu_order":0,"comment_status":"open","ping_status":"open","template":"page-full.php","meta":{"footnotes":""},"class_list":["post-14","page","type-page","status-publish","hentry"],"aioseo_notices":[],"_links":{"self":[{"href":"https:\/\/hotelchurrut.com\/index.php?rest_route=\/wp\/v2\/pages\/14","targetHints":{"allow":["GET"]}}],"collection":[{"href":"https:\/\/hotelchurrut.com\/index.php?rest_route=\/wp\/v2\/pages"}],"about":[{"href":"https:\/\/hotelchurrut.com\/index.php?rest_route=\/wp\/v2\/types\/page"}],"author":[{"embeddable":true,"href":"https:\/\/hotelchurrut.com\/index.php?rest_route=\/wp\/v2\/users\/1"}],"replies":[{"embeddable":true,"href":"https:\/\/hotelchurrut.com\/index.php?rest_route=%2Fwp%2Fv2%2Fcomments&post=14"}],"version-history":[{"count":40,"href":"https:\/\/hotelchurrut.com\/index.php?rest_route=\/wp\/v2\/pages\/14\/revisions"}],"predecessor-version":[{"id":652,"href":"https:\/\/hotelchurrut.com\/index.php?rest_route=\/wp\/v2\/pages\/14\/revisions\/652"}],"wp:attachment":[{"href":"https:\/\/hotelchurrut.com\/index.php?rest_route=%2Fwp%2Fv2%2Fmedia&parent=14"}],"curies":[{"name":"wp","href":"https:\/\/api.w.org\/{rel}","templated":true}]}}