{"id":20,"date":"2014-02-11T11:40:56","date_gmt":"2014-02-11T11:40:56","guid":{"rendered":"http:\/\/hotelchurrut.com\/?page_id=20"},"modified":"2026-03-19T14:19:35","modified_gmt":"2026-03-19T14:19:35","slug":"servicios","status":"publish","type":"page","link":"https:\/\/hotelchurrut.com\/?page_id=20","title":{"rendered":"Servicios"},"content":{"rendered":"<p><\/p>\n<section id=\"txtup\">\n<p style=\"float: left;\"><img decoding=\"async\" class=\"size-full wp-image-179 alignleft\" src=\"http:\/\/hotelchurrut.com\/wp-content\/uploads\/2014\/02\/icono-bar.png\" alt=\"icono-bar\" width=\"39\" height=\"65\" \/><\/p>\n<p style=\"padding-top: 5px;\"><span style=\"font-weight: 600; color: #255410;\">Servicio de Bar<\/span><br \/>\nEl Hotel dispone de servicio de bar de la casa, con una breve selecci\u00f3n de infusiones, caf\u00e9, bebidas alcoh\u00f3licas y vinos.<\/p>\n<p style=\"float: left; clear: left;\"><img decoding=\"async\" class=\"size-full wp-image-179 alignleft\" src=\"http:\/\/hotelchurrut.com\/wp-content\/uploads\/2014\/02\/icono-restaurante.png\" alt=\"icono-restaurante\" \/><\/p>\n<p style=\"padding-top: 5px;\"><span style=\"font-weight: 600; color: #255410;\">Gastronom\u00eda<\/span><br \/>\nCarta con productos de la tierra y peque\u00f1o toque de cocina de autor.<\/p>\n<p>Consulta nuestra oferta para realizar una <strong><a href=\"https:\/\/hotelchurrut.com\/?page_id=51\"><span style=\"font-weight: 600; color: #255410;\">Escapada Gastron\u00f3mica<\/span><\/a><\/strong>.<\/p>\n<p style=\"float: left;\"><img decoding=\"async\" class=\" wp-image-179 alignleft\" src=\"http:\/\/hotelchurrut.com\/wp-content\/uploads\/2014\/02\/icono-wwifi.png\" alt=\"icono-wifi\" width=\"39\" height=\"39\" \/><\/p>\n<p style=\"padding-top: 5px;\"><span style=\"font-weight: 600; color: #255410;\">Wifi<\/span><br \/>\nTodo el hotel est\u00e1 equipado con WiFi gratuito.<\/p>\n<p style=\"float: left;\"><img decoding=\"async\" class=\"size-full wp-image-179 alignleft\" src=\"http:\/\/hotelchurrut.com\/wp-content\/uploads\/2014\/02\/icono-book.png\" alt=\"icono-bar\" \/><\/p>\n<p style=\"padding-top: 5px;\"><span style=\"font-weight: 600; color: #255410;\">Book-Share<\/span><br \/>\nOfrecemos una serie de libros para compartir, es decir, usted nos deja un libro y se lleva otro.<\/p>\n<p style=\"float: left;\"><img decoding=\"async\" class=\"size-full wp-image-179 alignleft\" src=\"http:\/\/hotelchurrut.com\/wp-content\/uploads\/2014\/02\/icono-car.png\" alt=\"icono-car\" \/><\/p>\n<p style=\"padding-top: 5px;\"><span style=\"font-weight: 600; color: #255410;\">Parking<\/span><br \/>\nEl hotel dispone de un parking privado de veinte plazas.<\/p>\n<p style=\"float: left;\"><img decoding=\"async\" class=\"size-full wp-image-179 alignleft\" src=\"http:\/\/hotelchurrut.com\/wp-content\/uploads\/2014\/02\/icono-reunion.png\" alt=\"icono-reunion\" \/><\/p>\n<p style=\"padding-top: 5px;\"><span style=\"font-weight: 600; color: #255410;\">Reuniones y Eventos<\/span><br \/>\nPosibilidad de reuniones de trabajo. Material disponible:<\/p>\n<p style=\"border-left: 5px solid #255410; margin-left: 76px; padding-left: 15px; font-size: 14px; color: #255410; text-align: left;\">Proyector frontal 2*2<br \/>\nCa\u00f1\u00f3n<br \/>\nPapel\u00f3grafo<br \/>\nAgua mineral, papel y bol\u00edgrafos<br \/>\nMesita de apoyo<br \/>\nInternet WI-FI<\/p>\n<p style=\"text-align: left; margin-left: 54px;\">Para la organizaci\u00f3n de eventos podemos acoger hasta 80 comensales.<br \/>\nPosibilidad de <em>cocktail<\/em> en nuestro jard\u00edn.<br \/>\n<span style=\"font-weight: 400; color: #255410;\">Para cualquier presupuesto, ll\u00e1menos al <strong style=\"color: #255410;\">948 62 55 40<\/strong> o env\u00ede un correo a <a style=\"color: #255410;\" title=\"mandenos un email\" href=\"mailto:info@hotelchurrut.com\"><strong style=\"color: #255410; text-decoration: underline;\">info@hotelchurrut.com<\/strong><\/a><\/span><\/p>\n<\/section>\n<div id=\"area-partner\">\n<section id=\"txtdown\">\n<p style=\"text-align: left; margin-left: 54px; font-size: 18px;\"><strong><span style=\"color: #1a4310;\">SOMOS PARTNER DE ROTALIS REISEN<\/span><\/strong><\/p>\n<p style=\"text-align: left; margin-left: 54px; font-size: 16px;\"><strong><span style=\"color: #1a4310;\">Rotalis Reisen<\/span><\/strong> es una prestigiosa empresa con m\u00e1s de <strong><span style=\"color: #1a4310;\">40 a\u00f1os de experiencia<\/span><\/strong> en la organizaci\u00f3n de <strong><span style=\"color: #1a4310;\">rutas guiadas en bicicleta<\/span><\/strong> tanto en el continente Europeo como en otros.<\/p>\n<p style=\"text-align: left; margin-left: 54px; font-size: 16px;\">Cuenta con <strong><span style=\"color: #1a4310;\">cualificados profesionales<\/span><\/strong> que eligen sobre el terreno y cuidadosamente las mejores rutas para sus clientes, algunas de las cuales ni siquiera aparecen en los mapas.<\/p>\n<p style=\"text-align: left; margin-left: 54px; font-size: 16px;\"><strong><span style=\"color: #1a4310;\">Clasifica por tem\u00e1tica sus recorridos<\/span><\/strong>, para adaptarse a todos los gustos: cultural, naturaleza, relax, gastronom\u00eda&#8230;<\/p>\n<p style=\"text-align: left; margin-left: 54px; font-size: 16px;\">El Hotel Churrut tiene el placer de trabajar con ella y esperamos que as\u00ed siga siendo.<\/p>\n<p class=\"img200\" style=\"text-align: center; margin-left: 54px; font-size: 16px;\"><img fetchpriority=\"high\" decoding=\"async\" width=\"251\" height=\"212\" class=\"wp-image-831 alignleft\" src=\"http:\/\/hotelchurrut.com\/wp-content\/uploads\/2016\/04\/bicis1.png\" alt=\"bicis1\" \/><img decoding=\"async\" class=\"wp-image-83\" src=\"http:\/\/hotelchurrut.com\/wp-content\/uploads\/2016\/04\/bicis2.png\" alt=\"bicis2\" \/><img loading=\"lazy\" decoding=\"async\" width=\"251\" height=\"212\" class=\"wp-image-833 alignright\" src=\"http:\/\/hotelchurrut.com\/wp-content\/uploads\/2016\/04\/bicis3.png\" alt=\"bicis3\" \/><\/p>\n<\/section>\n<\/div>\n<\/section>\n<\/section>\n<p><\/p>","protected":false},"excerpt":{"rendered":"<p>Servicio de Bar El Hotel dispone de servicio de bar de la casa, con una breve selecci\u00f3n de infusiones, caf\u00e9, bebidas alcoh\u00f3licas y vinos. Gastronom\u00eda Carta con productos de la tierra y peque\u00f1o toque de cocina de autor. Consulta nuestra oferta para realizar una Escapada Gastron\u00f3mica. Wifi Todo el hotel est\u00e1 equipado con WiFi gratuito. [&hellip;]<\/p>\n","protected":false},"author":1,"featured_media":0,"parent":0,"menu_order":0,"comment_status":"open","ping_status":"open","template":"page-full.php","meta":{"footnotes":""},"class_list":["post-20","page","type-page","status-publish","hentry"],"aioseo_notices":[],"_links":{"self":[{"href":"https:\/\/hotelchurrut.com\/index.php?rest_route=\/wp\/v2\/pages\/20","targetHints":{"allow":["GET"]}}],"collection":[{"href":"https:\/\/hotelchurrut.com\/index.php?rest_route=\/wp\/v2\/pages"}],"about":[{"href":"https:\/\/hotelchurrut.com\/index.php?rest_route=\/wp\/v2\/types\/page"}],"author":[{"embeddable":true,"href":"https:\/\/hotelchurrut.com\/index.php?rest_route=\/wp\/v2\/users\/1"}],"replies":[{"embeddable":true,"href":"https:\/\/hotelchurrut.com\/index.php?rest_route=%2Fwp%2Fv2%2Fcomments&post=20"}],"version-history":[{"count":3,"href":"https:\/\/hotelchurrut.com\/index.php?rest_route=\/wp\/v2\/pages\/20\/revisions"}],"predecessor-version":[{"id":2376,"href":"https:\/\/hotelchurrut.com\/index.php?rest_route=\/wp\/v2\/pages\/20\/revisions\/2376"}],"wp:attachment":[{"href":"https:\/\/hotelchurrut.com\/index.php?rest_route=%2Fwp%2Fv2%2Fmedia&parent=20"}],"curies":[{"name":"wp","href":"https:\/\/api.w.org\/{rel}","templated":true}]}}